{"id":2042,"date":"2023-01-29T15:25:47","date_gmt":"2023-01-29T14:25:47","guid":{"rendered":"https:\/\/www.informations.brussels\/avis-juridique\/"},"modified":"2025-07-15T08:57:44","modified_gmt":"2025-07-15T06:57:44","slug":"avis-juridique","status":"publish","type":"page","link":"https:\/\/www.informations.brussels\/fr\/avis-juridique\/","title":{"rendered":"Avis juridique"},"content":{"rendered":"<p>[et_pb_section fb_built=\u00a0\u00bb1&Prime; admin_label=\u00a0\u00bbsection\u00a0\u00bb _builder_version=\u00a0\u00bb4.16&Prime; global_colors_info=\u00a0\u00bb{}\u00a0\u00bb][et_pb_row admin_label=\u00a0\u00bbrang\u00e9e\u00a0\u00bb _builder_version=\u00a0\u00bb4.16&Prime; background_size=\u00a0\u00bbinitial\u00a0\u00bb background_position=\u00a0\u00bbtop_left\u00a0\u00bb background_repeat=\u00a0\u00bbrepeat\u00a0\u00bb global_colors_info=\u00a0\u00bb{}\u00a0\u00bb][et_pb_column type=\u00a0\u00bb4_4&Prime; _builder_version=\u00a0\u00bb4.16&Prime; custom_padding=\u00a0\u00bb|||\u00a0\u00bb global_colors_info=\u00a0\u00bb{}\u00a0\u00bb custom_padding__hover=\u00a0\u00bb|||\u00a0\u00bb][et_pb_text admin_label=\u00a0\u00bbText\u00a0\u00bb _builder_version=\u00a0\u00bb4.27.2&Prime; background_size=\u00a0\u00bbinitial\u00a0\u00bb background_position=\u00a0\u00bbtop_left\u00a0\u00bb background_repeat=\u00a0\u00bbrepeat\u00a0\u00bb hover_enabled=\u00a0\u00bb0&Prime; global_colors_info=\u00a0\u00bb{}\u00a0\u00bb sticky_enabled=\u00a0\u00bb0&Prime;]<\/p>\n<section class=\"elementor-section elementor-top-section elementor-element elementor-element-020fe6b elementor-section-height-min-height elementor-section-boxed elementor-section-height-default elementor-section-items-middle\" data-id=\"020fe6b\" data-element_type=\"section\" data-settings=\"{\"shape_divider_top\":\"wave-brush\"}\">\n<div class=\"elementor-container elementor-column-gap-default\">\n<div class=\"elementor-column elementor-col-100 elementor-top-column elementor-element elementor-element-fd1f014\" data-id=\"fd1f014\" data-element_type=\"column\">\n<div class=\"elementor-widget-wrap elementor-element-populated\">\n<div class=\"elementor-element elementor-element-e1d42e2 elementor-widget elementor-widget-heading\" data-id=\"e1d42e2\" data-element_type=\"widget\" data-widget_type=\"heading.default\">\n<div class=\"elementor-widget-container\">\n<h2 class=\"elementor-heading-title elementor-size-default\">Informations juridiques<\/h2>\n<\/div>\n<\/div>\n<\/div>\n<\/div>\n<\/div>\n<\/section>\n<section class=\"elementor-section elementor-top-section elementor-element elementor-element-8acd461 elementor-section-boxed elementor-section-height-default elementor-section-height-default\" data-id=\"8acd461\" data-element_type=\"section\">\n<div class=\"elementor-container elementor-column-gap-default\">\n<div class=\"elementor-column elementor-col-100 elementor-top-column elementor-element elementor-element-752bb97\" data-id=\"752bb97\" data-element_type=\"column\">\n<div class=\"elementor-widget-wrap elementor-element-populated\">\n<div class=\"elementor-element elementor-element-5ce9e46 elementor-widget elementor-widget-text-editor\" data-id=\"5ce9e46\" data-element_type=\"widget\" data-widget_type=\"text-editor.default\">\n<div class=\"elementor-widget-container\">\n<ol>\n<li><strong>Informations juridiques<\/strong><\/li>\n<\/ol>\n<p>Conform\u00e9ment aux dispositions des articles 6-III et 19 de la loi pour la confiance dans l&rsquo;\u00e9conomie num\u00e9rique, nous vous informons que ce site est h\u00e9berg\u00e9 par :<\/p>\n<p>OVH SAS au capital de 10 069 020 euros<\/p>\n<p>RCS Lille M\u00e9tropole 424 761 419 00045<\/p>\n<p>Code APE 2620Z<\/p>\n<p>NUM\u00c9RO DE TVA : FR 22 424 761 419<\/p>\n<p>Si\u00e8ge social : 2 rue Kellermann &#8211; 59100 Roubaix &#8211; France<\/p>\n<p>&nbsp;<\/p>\n<ol start=\"2\">\n<li><strong>Droits d&rsquo;auteur et propri\u00e9t\u00e9 intellectuelle<\/strong><\/li>\n<\/ol>\n<p>Tous les \u00e9l\u00e9ments de notre site sont prot\u00e9g\u00e9s par les dispositions du Code de la propri\u00e9t\u00e9 intellectuelle. En cons\u00e9quence, toute reproduction ou imitation, totale ou partielle, sans notre accord expr\u00e8s, pr\u00e9alable et \u00e9crit, est interdite. <\/p>\n<p>Il est strictement interdit de collecter et d&rsquo;utiliser les informations disponibles sur le site \u00e0 des fins commerciales.<\/p>\n<p>Cette interdiction comprend, sans que cette liste soit limitative, tous les \u00e9l\u00e9ments r\u00e9dactionnels figurant sur le site, la pr\u00e9sentation des \u00e9crans, les logiciels n\u00e9cessaires \u00e0 son fonctionnement, les logos, les images, les photographies et les graphismes de toute nature.<\/p>\n<p>&nbsp;<\/p>\n<ol start=\"3\">\n<li><strong>Cookies<\/strong><\/li>\n<\/ol>\n<p>Ce site web utilise des cookies et le serveur web recueille des informations sur l&rsquo;utilisation de notre site. Les informations collect\u00e9es comprennent, par exemple, la date et l&rsquo;heure des visites, le nombre de pages consult\u00e9es et le temps pass\u00e9 sur notre site. <\/p>\n<p>Les informations recueillies ne seront pas utilis\u00e9es \u00e0 d&rsquo;autres fins et, en particulier, ne seront pas utilis\u00e9es \u00e0 des fins commerciales sans votre consentement.<\/p>\n<p>Les cookies sont de petits fichiers texte contenant un identifiant anonyme. Lorsque vous visitez un site web, le site demande \u00e0 votre ordinateur l&rsquo;autorisation de stocker ce fichier dans un dossier de votre disque dur r\u00e9serv\u00e9 aux cookies. Chaque site peut stocker son propre cookie si les param\u00e8tres de votre navigateur le permettent, mais pour prot\u00e9ger votre vie priv\u00e9e, votre navigateur ne permet \u00e0 un site d&rsquo;acc\u00e9der qu&rsquo;au cookie qu&rsquo;il a lui-m\u00eame stock\u00e9 et non aux cookies stock\u00e9s par d&rsquo;autres sites.  <\/p>\n<\/div>\n<\/div>\n<\/div>\n<\/div>\n<\/div>\n<\/section>\n<p>[\/et_pb_text][\/et_pb_column][\/et_pb_row][\/et_pb_section]<\/p>\n","protected":false},"excerpt":{"rendered":"<p>Informations juridiques Informations juridiques Conform\u00e9ment aux dispositions des articles 6-III et 19 de la loi pour la confiance dans l&rsquo;\u00e9conomie num\u00e9rique, nous vous informons que ce site est h\u00e9berg\u00e9 par : OVH SAS au capital de 10 069 020 euros RCS Lille M\u00e9tropole 424 761 419 00045 Code APE 2620Z NUM\u00c9RO DE TVA : FR [&hellip;]<\/p>\n","protected":false},"author":8,"featured_media":0,"parent":0,"menu_order":0,"comment_status":"closed","ping_status":"closed","template":"","meta":{"_et_pb_use_builder":"on","_et_pb_old_content":"","_et_gb_content_width":"","footnotes":""},"class_list":["post-2042","page","type-page","status-publish","hentry"],"yoast_head":"<!-- This site is optimized with the Yoast SEO plugin v27.4 - https:\/\/yoast.com\/product\/yoast-seo-wordpress\/ -->\n<title>Avis juridique - Informations Brussels<\/title>\n<meta name=\"robots\" content=\"index, follow, max-snippet:-1, max-image-preview:large, max-video-preview:-1\" \/>\n<link rel=\"canonical\" href=\"https:\/\/www.informations.brussels\/fr\/avis-juridique\/\" \/>\n<meta property=\"og:locale\" content=\"fr_FR\" \/>\n<meta property=\"og:type\" content=\"article\" \/>\n<meta property=\"og:title\" content=\"Avis juridique - Informations Brussels\" \/>\n<meta property=\"og:description\" content=\"Informations juridiques Informations juridiques Conform\u00e9ment aux dispositions des articles 6-III et 19 de la loi pour la confiance dans l&#039;\u00e9conomie num\u00e9rique, nous vous informons que ce site est h\u00e9berg\u00e9 par : OVH SAS au capital de 10 069 020 euros RCS Lille M\u00e9tropole 424 761 419 00045 Code APE 2620Z NUM\u00c9RO DE TVA : FR [&hellip;]\" \/>\n<meta property=\"og:url\" content=\"https:\/\/www.informations.brussels\/fr\/avis-juridique\/\" \/>\n<meta property=\"og:site_name\" content=\"Informations Brussels\" \/>\n<meta property=\"article:modified_time\" content=\"2025-07-15T06:57:44+00:00\" \/>\n<meta name=\"twitter:card\" content=\"summary_large_image\" \/>\n<meta name=\"twitter:label1\" content=\"Dur\u00e9e de lecture estim\u00e9e\" \/>\n\t<meta name=\"twitter:data1\" content=\"2 minutes\" \/>\n<script type=\"application\/ld+json\" class=\"yoast-schema-graph\">{\"@context\":\"https:\\\/\\\/schema.org\",\"@graph\":[{\"@type\":\"WebPage\",\"@id\":\"https:\\\/\\\/www.informations.brussels\\\/fr\\\/avis-juridique\\\/\",\"url\":\"https:\\\/\\\/www.informations.brussels\\\/fr\\\/avis-juridique\\\/\",\"name\":\"Avis juridique - Informations Brussels\",\"isPartOf\":{\"@id\":\"https:\\\/\\\/www.informations.brussels\\\/fr\\\/#website\"},\"datePublished\":\"2023-01-29T14:25:47+00:00\",\"dateModified\":\"2025-07-15T06:57:44+00:00\",\"breadcrumb\":{\"@id\":\"https:\\\/\\\/www.informations.brussels\\\/fr\\\/avis-juridique\\\/#breadcrumb\"},\"inLanguage\":\"fr-FR\",\"potentialAction\":[{\"@type\":\"ReadAction\",\"target\":[\"https:\\\/\\\/www.informations.brussels\\\/fr\\\/avis-juridique\\\/\"]}]},{\"@type\":\"BreadcrumbList\",\"@id\":\"https:\\\/\\\/www.informations.brussels\\\/fr\\\/avis-juridique\\\/#breadcrumb\",\"itemListElement\":[{\"@type\":\"ListItem\",\"position\":1,\"name\":\"Accueil\",\"item\":\"https:\\\/\\\/www.informations.brussels\\\/fr\\\/\"},{\"@type\":\"ListItem\",\"position\":2,\"name\":\"Avis juridique\"}]},{\"@type\":\"WebSite\",\"@id\":\"https:\\\/\\\/www.informations.brussels\\\/fr\\\/#website\",\"url\":\"https:\\\/\\\/www.informations.brussels\\\/fr\\\/\",\"name\":\"Informations Brussels\",\"description\":\"Lees al het laatste nieuws uit Brussel\",\"publisher\":{\"@id\":\"https:\\\/\\\/www.informations.brussels\\\/fr\\\/#organization\"},\"potentialAction\":[{\"@type\":\"SearchAction\",\"target\":{\"@type\":\"EntryPoint\",\"urlTemplate\":\"https:\\\/\\\/www.informations.brussels\\\/fr\\\/?s={search_term_string}\"},\"query-input\":{\"@type\":\"PropertyValueSpecification\",\"valueRequired\":true,\"valueName\":\"search_term_string\"}}],\"inLanguage\":\"fr-FR\"},{\"@type\":\"Organization\",\"@id\":\"https:\\\/\\\/www.informations.brussels\\\/fr\\\/#organization\",\"name\":\"Informations Brussels\",\"url\":\"https:\\\/\\\/www.informations.brussels\\\/fr\\\/\",\"logo\":{\"@type\":\"ImageObject\",\"inLanguage\":\"fr-FR\",\"@id\":\"https:\\\/\\\/www.informations.brussels\\\/fr\\\/#\\\/schema\\\/logo\\\/image\\\/\",\"url\":\"\",\"contentUrl\":\"\",\"caption\":\"Informations Brussels\"},\"image\":{\"@id\":\"https:\\\/\\\/www.informations.brussels\\\/fr\\\/#\\\/schema\\\/logo\\\/image\\\/\"}}]}<\/script>\n<!-- \/ Yoast SEO plugin. -->","yoast_head_json":{"title":"Avis juridique - Informations Brussels","robots":{"index":"index","follow":"follow","max-snippet":"max-snippet:-1","max-image-preview":"max-image-preview:large","max-video-preview":"max-video-preview:-1"},"canonical":"https:\/\/www.informations.brussels\/fr\/avis-juridique\/","og_locale":"fr_FR","og_type":"article","og_title":"Avis juridique - Informations Brussels","og_description":"Informations juridiques Informations juridiques Conform\u00e9ment aux dispositions des articles 6-III et 19 de la loi pour la confiance dans l'\u00e9conomie num\u00e9rique, nous vous informons que ce site est h\u00e9berg\u00e9 par : OVH SAS au capital de 10 069 020 euros RCS Lille M\u00e9tropole 424 761 419 00045 Code APE 2620Z NUM\u00c9RO DE TVA : FR [&hellip;]","og_url":"https:\/\/www.informations.brussels\/fr\/avis-juridique\/","og_site_name":"Informations Brussels","article_modified_time":"2025-07-15T06:57:44+00:00","twitter_card":"summary_large_image","twitter_misc":{"Dur\u00e9e de lecture estim\u00e9e":"2 minutes"},"schema":{"@context":"https:\/\/schema.org","@graph":[{"@type":"WebPage","@id":"https:\/\/www.informations.brussels\/fr\/avis-juridique\/","url":"https:\/\/www.informations.brussels\/fr\/avis-juridique\/","name":"Avis juridique - Informations Brussels","isPartOf":{"@id":"https:\/\/www.informations.brussels\/fr\/#website"},"datePublished":"2023-01-29T14:25:47+00:00","dateModified":"2025-07-15T06:57:44+00:00","breadcrumb":{"@id":"https:\/\/www.informations.brussels\/fr\/avis-juridique\/#breadcrumb"},"inLanguage":"fr-FR","potentialAction":[{"@type":"ReadAction","target":["https:\/\/www.informations.brussels\/fr\/avis-juridique\/"]}]},{"@type":"BreadcrumbList","@id":"https:\/\/www.informations.brussels\/fr\/avis-juridique\/#breadcrumb","itemListElement":[{"@type":"ListItem","position":1,"name":"Accueil","item":"https:\/\/www.informations.brussels\/fr\/"},{"@type":"ListItem","position":2,"name":"Avis juridique"}]},{"@type":"WebSite","@id":"https:\/\/www.informations.brussels\/fr\/#website","url":"https:\/\/www.informations.brussels\/fr\/","name":"Informations Brussels","description":"Lees al het laatste nieuws uit Brussel","publisher":{"@id":"https:\/\/www.informations.brussels\/fr\/#organization"},"potentialAction":[{"@type":"SearchAction","target":{"@type":"EntryPoint","urlTemplate":"https:\/\/www.informations.brussels\/fr\/?s={search_term_string}"},"query-input":{"@type":"PropertyValueSpecification","valueRequired":true,"valueName":"search_term_string"}}],"inLanguage":"fr-FR"},{"@type":"Organization","@id":"https:\/\/www.informations.brussels\/fr\/#organization","name":"Informations Brussels","url":"https:\/\/www.informations.brussels\/fr\/","logo":{"@type":"ImageObject","inLanguage":"fr-FR","@id":"https:\/\/www.informations.brussels\/fr\/#\/schema\/logo\/image\/","url":"","contentUrl":"","caption":"Informations Brussels"},"image":{"@id":"https:\/\/www.informations.brussels\/fr\/#\/schema\/logo\/image\/"}}]}},"_links":{"self":[{"href":"https:\/\/www.informations.brussels\/fr\/wp-json\/wp\/v2\/pages\/2042","targetHints":{"allow":["GET"]}}],"collection":[{"href":"https:\/\/www.informations.brussels\/fr\/wp-json\/wp\/v2\/pages"}],"about":[{"href":"https:\/\/www.informations.brussels\/fr\/wp-json\/wp\/v2\/types\/page"}],"author":[{"embeddable":true,"href":"https:\/\/www.informations.brussels\/fr\/wp-json\/wp\/v2\/users\/8"}],"replies":[{"embeddable":true,"href":"https:\/\/www.informations.brussels\/fr\/wp-json\/wp\/v2\/comments?post=2042"}],"version-history":[{"count":2,"href":"https:\/\/www.informations.brussels\/fr\/wp-json\/wp\/v2\/pages\/2042\/revisions"}],"predecessor-version":[{"id":2044,"href":"https:\/\/www.informations.brussels\/fr\/wp-json\/wp\/v2\/pages\/2042\/revisions\/2044"}],"wp:attachment":[{"href":"https:\/\/www.informations.brussels\/fr\/wp-json\/wp\/v2\/media?parent=2042"}],"curies":[{"name":"wp","href":"https:\/\/api.w.org\/{rel}","templated":true}]}}